{"id":3166,"date":"2015-07-28T16:32:54","date_gmt":"2015-07-28T16:32:54","guid":{"rendered":"http:\/\/themenectar.com\/demo\/salient-agency\/?page_id=3166"},"modified":"2023-07-05T08:50:10","modified_gmt":"2023-07-05T08:50:10","slug":"home-default","status":"publish","type":"page","link":"https:\/\/stepankotouc.com\/","title":{"rendered":"Home &#8211; Default"},"content":{"rendered":"\n[vc_row type=&#8221;full_width_background&#8221; bg_color=&#8221;#0a0a0a&#8221; scene_position=&#8221;center&#8221; text_color=&#8221;light&#8221; text_align=&#8221;center&#8221; overlay_strength=&#8221;0.3&#8243;][vc_column column_padding=&#8221;no-extra-padding&#8221; column_padding_position=&#8221;all&#8221; background_color=&#8221;#0a0a0a&#8221; background_color_opacity=&#8221;1&#8243; background_hover_color_opacity=&#8221;1&#8243; width=&#8221;1\/1&#8243;]<div style=\"height: 650px\" data-midnight=\"nectar-slider\" class=\"parallax_slider_outer \"><div style=\"height: 650px\"  data-transition=\"fade\" data-overall_style=\"classic\" data-flexible-height=\"true\" data-animate-in-effect=\"none\" data-fullscreen=\"true\" data-button-sizing=\"jumbo\" data-button-styling=\"btn_with_count\" data-autorotate=\"\" data-parallax=\"true\" data-full-width=\"true\" class=\"nectar-slider-wrap \" id=\"ns-id-69e0912f39caa\">\r\n\t\t\t<div style=\"height: 650px\" class=\"swiper-container\"  data-tho=\"auto\" data-tco=\"auto\" data-pho=\"auto\" data-pco=\"auto\" data-loop=\"true\" data-height=\"650\" data-min-height=\"250\" data-arrows=\"false\" data-bullets=\"false\" data-bullet_style=\"see_through\" data-desktop-swipe=\"true\" data-settings=\"\">\r\n\t\t\t\t    <div class=\"swiper-wrapper\"><div class=\"swiper-slide\" data-bg-alignment=\"center\" data-color-scheme=\"light\" data-x-pos=\"centered\" data-y-pos=\"middle\"> \r\n\t\t\t\t\t\t\t\t<div class=\"image-bg\" style=\"background-image: url(https:\/\/stepankotouc.com\/wp-content\/uploads\/2024\/09\/gondaria_starfield-screenshot01.jpg);\"> &nbsp; <\/div><div class=\"container\">\r\n\t\t\t\t\t\t\t\t\t<div class=\"content\"><h2><b>cinematographer \/ photographer<br> \u0160t\u011bp\u00e1n Kotou\u010d<\/b><\/h2><p  ><span>Helping to show your company on the Earth and beyond ! ;]<br><br>\r\nUk\u00e1\u017ei va\u0161i firmu cel\u00e9 Zemi (a mo\u017en\u00e1 i d\u00e1le) ! ;]<br><br><\/span><\/p><\/div>\r\n\t\t\t\t\t\t\t\t<\/div><!--\/container--><a href=\"#\" class=\"slider-down-arrow\"><i class=\"icon-salient-down-arrow icon-default-style\"> <span class=\"ie-fix\"><\/span> <\/i><\/a><div class=\"video-texture \"> <span class=\"ie-fix\"><\/span> <\/div><\/div><!--\/swiper-slide--><\/div><div class=\"nectar-slider-loading \"> <span class=\"loading-icon none\">   <\/span> <\/div> <\/div> \r\n\t\t\t\t\r\n\t\t\t<\/div><\/div>[\/vc_column][\/vc_row][vc_row type=&#8221;full_width_background&#8221; bg_color=&#8221;#0a0a0a&#8221; scene_position=&#8221;center&#8221; video_bg=&#8221;use_video&#8221; video_webm=&#8221;https:\/\/www.youtube.com\/watch?v=N4mt0lOJ888&#8243; video_mp4=&#8221;https:\/\/www.youtube.com\/watch?v=N4mt0lOJ888&#8243; text_color=&#8221;dark&#8221; text_align=&#8221;left&#8221; overlay_strength=&#8221;0.3&#8243;][vc_column column_padding=&#8221;no-extra-padding&#8221; column_padding_position=&#8221;all&#8221; background_color_opacity=&#8221;1&#8243; background_hover_color_opacity=&#8221;1&#8243; width=&#8221;1\/1&#8243;]<div  class=\"divider\"><\/div>[\/vc_column][\/vc_row]\n\n\n[vc_row type=&#8221;full_width_background&#8221; bg_image=&#8221;5976&#8243; bg_position=&#8221;center bottom&#8221; bg_repeat=&#8221;no-repeat&#8221; parallax_bg=&#8221;true&#8221; parallax_bg_speed=&#8221;fast&#8221; bg_color=&#8221;#0a0a0a&#8221; scene_position=&#8221;center&#8221; text_color=&#8221;light&#8221; text_align=&#8221;left&#8221; top_padding=&#8221;150&#8243; bottom_padding=&#8221;250&#8243; id=&#8221;showcase&#8221; overlay_strength=&#8221;0.3&#8243; exclude_row_header_color_inherit=&#8221;true&#8221;][vc_column enable_animation=&#8221;true&#8221; animation=&#8221;flip-in&#8221; boxed=&#8221;true&#8221; centered_text=&#8221;true&#8221; column_padding=&#8221;padding-4-percent&#8221; column_padding_position=&#8221;all&#8221; background_color=&#8221;#595959&#8243; background_color_opacity=&#8221;0.5&#8243; background_hover_color_opacity=&#8221;1&#8243; width=&#8221;1\/2&#8243; delay=&#8221;200&#8243;][vc_column_text]\n<h1 class=\"western\" lang=\"en-US\" align=\"justify\"><span style=\"color: #e6f2fa;\">Hello ! For <span lang=\"cs-CZ\">more than<\/span> 10 YEARS&nbsp;I&#8217;ve been making promotional videos for companies, showcasing their products, services, profiles and events. I also do a real estate videos.<\/span><\/h1>\n[\/vc_column_text][\/vc_column][vc_column column_padding=&#8221;padding-8-percent&#8221; column_padding_position=&#8221;top&#8221; background_color_opacity=&#8221;1&#8243; background_hover_color_opacity=&#8221;1&#8243; width=&#8221;1\/2&#8243;][vc_video link=&#8221;https:\/\/www.youtube.com\/watch?v=s3FwXA5zvO4&#8243;][\/vc_column][\/vc_row]\n\n\n[vc_row type=&#8221;full_width_background&#8221; bg_image=&#8221;5957&#8243; bg_position=&#8221;center bottom&#8221; bg_repeat=&#8221;no-repeat&#8221; parallax_bg=&#8221;true&#8221; parallax_bg_speed=&#8221;fast&#8221; scene_position=&#8221;center&#8221; text_color=&#8221;dark&#8221; text_align=&#8221;left&#8221; top_padding=&#8221;150&#8243; bottom_padding=&#8221;250&#8243; overlay_strength=&#8221;0.3&#8243;][vc_column column_padding=&#8221;padding-7-percent&#8221; column_padding_position=&#8221;top&#8221; background_color_opacity=&#8221;1&#8243; background_hover_color_opacity=&#8221;1&#8243; width=&#8221;1\/2&#8243;][vc_video link=&#8221;https:\/\/www.youtube.com\/watch?v=GHN_YDT0FIs&#8221;][\/vc_column][vc_column enable_animation=&#8221;true&#8221; animation=&#8221;flip-in&#8221; boxed=&#8221;true&#8221; centered_text=&#8221;true&#8221; column_padding=&#8221;padding-4-percent&#8221; column_padding_position=&#8221;all&#8221; background_color=&#8221;#595959&#8243; background_color_opacity=&#8221;0.5&#8243; background_hover_color_opacity=&#8221;1&#8243; width=&#8221;1\/2&#8243; delay=&#8221;200&#8243;][vc_column_text]\n<h1 class=\"western\" lang=\"en-US\" align=\"justify\"><span style=\"color: #faf7f7;\">I provide all in one professional videos presenting a company in a short and IMPACT form.<\/span><\/h1>\n[\/vc_column_text][\/vc_column][\/vc_row]\n\n\n[vc_row type=&#8221;full_width_background&#8221; bg_image=&#8221;5947&#8243; bg_position=&#8221;center bottom&#8221; bg_repeat=&#8221;no-repeat&#8221; parallax_bg=&#8221;true&#8221; parallax_bg_speed=&#8221;fast&#8221; scene_position=&#8221;center&#8221; text_color=&#8221;dark&#8221; text_align=&#8221;left&#8221; top_padding=&#8221;150&#8243; bottom_padding=&#8221;250&#8243; overlay_strength=&#8221;0.3&#8243;][vc_column enable_animation=&#8221;true&#8221; animation=&#8221;grow-in&#8221; boxed=&#8221;true&#8221; centered_text=&#8221;true&#8221; column_padding=&#8221;padding-3-percent&#8221; column_padding_position=&#8221;all&#8221; background_color=&#8221;#595959&#8243; background_color_opacity=&#8221;0.5&#8243; background_hover_color_opacity=&#8221;1&#8243; width=&#8221;1\/2&#8243; delay=&#8221;200&#8243;][vc_column_text]\n<h1><span style=\"color: #ffffff;\">On this webpage you can see some EXAMPLES what your video could look like.<\/span><\/h1>\n[\/vc_column_text][\/vc_column][vc_column column_padding=&#8221;padding-8-percent&#8221; column_padding_position=&#8221;top&#8221; background_color_opacity=&#8221;1&#8243; background_hover_color_opacity=&#8221;1&#8243; width=&#8221;1\/2&#8243;][vc_video link=&#8221;https:\/\/www.youtube.com\/watch?v=EM0JkpO5wCE&#8221;][\/vc_column][\/vc_row]\n\n\n[vc_row type=&#8221;full_width_background&#8221; bg_image=&#8221;5970&#8243; bg_position=&#8221;left top&#8221; bg_repeat=&#8221;no-repeat&#8221; parallax_bg=&#8221;true&#8221; parallax_bg_speed=&#8221;fast&#8221; scene_position=&#8221;center&#8221; text_color=&#8221;dark&#8221; text_align=&#8221;left&#8221; top_padding=&#8221;150&#8243; bottom_padding=&#8221;250&#8243; overlay_strength=&#8221;0.3&#8243;][vc_column column_padding=&#8221;padding-7-percent&#8221; column_padding_position=&#8221;top&#8221; background_color_opacity=&#8221;1&#8243; background_hover_color_opacity=&#8221;1&#8243; width=&#8221;1\/2&#8243;][vc_video link=&#8221;https:\/\/www.youtube.com\/watch?v=jLvN_kmLzDs&#8221;][\/vc_column][vc_column enable_animation=&#8221;true&#8221; animation=&#8221;grow-in&#8221; boxed=&#8221;true&#8221; centered_text=&#8221;true&#8221; column_padding=&#8221;padding-4-percent&#8221; column_padding_position=&#8221;all&#8221; background_color=&#8221;#595959&#8243; background_color_opacity=&#8221;0.5&#8243; background_hover_color_opacity=&#8221;1&#8243; width=&#8221;1\/2&#8243; delay=&#8221;200&#8243;][vc_column_text]\n<h1 class=\"western\" lang=\"en-US\" align=\"justify\"><span style=\"color: #f2ebeb;\">Contact me below for PRICE offer (we will first discuss your needs).<\/span><\/h1>\n[\/vc_column_text][\/vc_column][\/vc_row]\n\n\n\n[vc_row type=&#8221;full_width_background&#8221; bg_color=&#8221;#0a0a0a&#8221; scene_position=&#8221;center&#8221; text_color=&#8221;dark&#8221; text_align=&#8221;left&#8221; overlay_strength=&#8221;0.3&#8243;][vc_column column_padding=&#8221;no-extra-padding&#8221; column_padding_position=&#8221;all&#8221; background_color_opacity=&#8221;1&#8243; background_hover_color_opacity=&#8221;1&#8243; width=&#8221;1\/1&#8243;]<div  class=\"divider\"><\/div>[\/vc_column][\/vc_row]\n\n\n[vc_row type=&#8221;full_width_background&#8221; bg_image=&#8221;6017&#8243; bg_position=&#8221;left top&#8221; bg_repeat=&#8221;no-repeat&#8221; bg_color=&#8221;#0a0a0a&#8221; scene_position=&#8221;center&#8221; text_color=&#8221;dark&#8221; text_align=&#8221;left&#8221; id=&#8221;info&#8221; overlay_strength=&#8221;0.3&#8243;][vc_column column_padding=&#8221;padding-3-percent&#8221; column_padding_position=&#8221;top&#8221; background_color_opacity=&#8221;1&#8243; background_hover_color_opacity=&#8221;1&#8243; width=&#8221;1\/2&#8243;]<div class=\"nectar-fancy-ul\" data-list-icon=\"icon-ok\" data-animation=\"true\" data-color=\"accent-color\"> \n<h2 class=\"western\" lang=\"en-US\" align=\"justify\"><span style=\"color: #ebf1f2;\">INFO:<\/span><\/h2>\n<h2 class=\"western\" lang=\"en-US\" align=\"justify\"><span style=\"color: #ebf1f2;\">Included in price:<\/span><\/h2>\n<ul>\n<li class=\"western\" lang=\"en-US\"><span style=\"color: #ebf1f2;\">script made in cooperation with you<\/span><\/li>\n<li class=\"western\" lang=\"en-US\"><span style=\"color: #ebf1f2;\">rental of cinematography equipment for FullHD output<\/span><\/li>\n<li class=\"western\" lang=\"en-US\"><span style=\"color: #ebf1f2;\">lightning equipment: bigger lights for 220V, small battery<\/span><\/li>\n<li class=\"western\" lang=\"en-US\"><span style=\"color: #ebf1f2;\">recording the speaker voice via lavalier microphone<\/span><\/li>\n<li class=\"western\" lang=\"en-US\"><span style=\"color: #ebf1f2;\">shooting of video in your company (in one day, including recording for speaker&#8217;s commentary)<\/span><\/li>\n<li class=\"western\" lang=\"en-US\"><span style=\"color: #ebf1f2;\">video editing &#8211; inserting supplied intro slide, logo, cutting<\/span><\/li>\n<li class=\"western\" lang=\"en-US\"><span style=\"color: #ebf1f2;\">choose from legal music for use e.g. at youtube<\/span><\/li>\n<li class=\"western\" lang=\"en-US\"><span style=\"color: #ebf1f2;\">transport around Prague<\/span><\/li>\n<\/ul>\n <\/div><div class=\"nectar-fancy-ul\" data-list-icon=\"icon-remove\" data-animation=\"true\" data-color=\"accent-color\"> \n<h2 class=\"western\" lang=\"en-US\" align=\"justify\"><span style=\"color: #ebf1f2;\">Not included in price:<\/span><\/h2>\n<ul>\n<li class=\"western\" lang=\"en-US\"><span style=\"color: #ebf1f2;\">transport &#8211; 3K<span lang=\"cs-CZ\">\u010d\/km, counted from Praha 4 Lhotka, Czech Republic. When flying, the client is paying the return ticket and transport from\/to airport, accommodation, food.<\/span><\/span><\/li>\n<\/ul>\n <\/div>[\/vc_column][vc_column column_padding=&#8221;padding-3-percent&#8221; column_padding_position=&#8221;top&#8221; background_color_opacity=&#8221;1&#8243; background_hover_color_opacity=&#8221;1&#8243; width=&#8221;1\/2&#8243;]<div class=\"nectar-fancy-ul\" data-list-icon=\"icon-user\" data-animation=\"true\" data-color=\"accent-color\"> \n<h2 class=\"western\" lang=\"en-US\" align=\"justify\"><\/h2>\n<h2 class=\"western\" lang=\"en-US\" align=\"justify\"><\/h2>\n<h2 class=\"western\" lang=\"en-US\" align=\"justify\"><span style=\"color: #ebf1f2;\"><span lang=\"cs-CZ\">Client will supply<\/span>:<\/span><\/h2>\n<ul>\n<li class=\"western\" lang=\"en-US\"><span style=\"color: #ebf1f2;\"><span lang=\"cs-CZ\">intro slide <\/span>(1920&#215;1080 pixels) for beginning of the video<\/span><\/li>\n<li class=\"western\" lang=\"en-US\"><span style=\"color: #ebf1f2;\">speaker<\/span><\/li>\n<li class=\"western\" lang=\"en-US\"><span style=\"color: #ebf1f2;\">actors (usualy employers of the company)<\/span><\/li>\n<li class=\"western\" lang=\"en-US\"><span style=\"color: #ebf1f2;\">photos (if they sould be included)<\/span><\/li>\n<li class=\"western\" lang=\"en-US\"><span style=\"color: #ebf1f2;\">person, that will be present for the whole time of shooting and will be approving the shots proposed by the director-cameraman<\/span><\/li>\n<li class=\"western\"><span style=\"color: #ebf1f2;\">Optional subtitles &#8211; 2190K\u010d. In case of their creation demand the client will get audio of speaker. Client will give the audio to translate and text will be sent back to creator of the video. In this case the video finish time is delayed accordingly.<\/span><\/li>\n<\/ul>\n <\/div><div class=\"nectar-fancy-ul\" data-list-icon=\"icon-text-width\" data-animation=\"true\" data-color=\"accent-color\"> \n<h2><span style=\"color: #ebf1f2;\">Credits:<\/span><\/h2>\n<ul>\n<li class=\"western\" lang=\"en-US\"><span style=\"color: #ebf1f2;\">Part of video are titles with creators names (director-cameraman and music composer) and link to their web sites.<\/span><\/li>\n<\/ul>\n <\/div>[\/vc_column][\/vc_row]\n\n\n\n[vc_row type=&#8221;full_width_background&#8221; bg_color=&#8221;#0a0a0a&#8221; scene_position=&#8221;center&#8221; text_color=&#8221;dark&#8221; text_align=&#8221;left&#8221; overlay_strength=&#8221;0.3&#8243;][vc_column column_padding=&#8221;no-extra-padding&#8221; column_padding_position=&#8221;all&#8221; background_color_opacity=&#8221;1&#8243; background_hover_color_opacity=&#8221;1&#8243; width=&#8221;1\/1&#8243;]<div  class=\"divider\"><\/div>[\/vc_column][\/vc_row][vc_row type=&#8221;full_width_background&#8221; scene_position=&#8221;center&#8221; text_color=&#8221;dark&#8221; text_align=&#8221;left&#8221; id=&#8221;gallery&#8221; overlay_strength=&#8221;0.3&#8243;][vc_column column_padding=&#8221;no-extra-padding&#8221; column_padding_position=&#8221;all&#8221; background_color=&#8221;#0a0a0a&#8221; background_color_opacity=&#8221;1&#8243; background_hover_color_opacity=&#8221;1&#8243; width=&#8221;1\/1&#8243;]<div style=\"height: 650px\"  data-transition=\"fade\" data-overall_style=\"classic\" data-flexible-height=\"\" data-animate-in-effect=\"none\" data-fullscreen=\"true\" data-button-sizing=\"jumbo\" data-button-styling=\"btn_with_count\" data-autorotate=\"2000\" data-parallax=\"false\" data-full-width=\"true\" class=\"nectar-slider-wrap \" id=\"ns-id-69e0912f3afb0\">\r\n\t\t\t<div style=\"height: 650px\" class=\"swiper-container\"  data-tho=\"auto\" data-tco=\"auto\" data-pho=\"auto\" data-pco=\"auto\" data-loop=\"true\" data-height=\"650\" data-min-height=\"\" data-arrows=\"true\" data-bullets=\"true\" data-bullet_style=\"see_through\" data-desktop-swipe=\"true\" data-settings=\"\">\r\n\t\t\t\t    <div class=\"swiper-wrapper\"><div class=\"swiper-slide\" data-bg-alignment=\"center\" data-color-scheme=\"light\" data-x-pos=\"left\" data-y-pos=\"middle\"> \r\n\t\t\t\t\t\t\t\t<div class=\"image-bg\" style=\"background-image: url(https:\/\/stepankotouc.com\/wp-content\/uploads\/2015\/07\/bdc_brno_rekonstrukce_centra-filmP1010238.jpg);\"> &nbsp; <\/div><a href=\"#\" class=\"slider-down-arrow\"><i class=\"icon-salient-down-arrow icon-default-style\"> <span class=\"ie-fix\"><\/span> <\/i><\/a><div class=\"video-texture \"> <span class=\"ie-fix\"><\/span> <\/div><\/div><!--\/swiper-slide--><div class=\"swiper-slide\" data-bg-alignment=\"center\" data-color-scheme=\"light\" data-x-pos=\"left\" data-y-pos=\"middle\"> \r\n\t\t\t\t\t\t\t\t<div class=\"image-bg\" style=\"background-image: url(https:\/\/stepankotouc.com\/wp-content\/uploads\/2015\/07\/DSC00197.jpg);\"> &nbsp; <\/div><a href=\"#\" class=\"slider-down-arrow\"><i class=\"icon-salient-down-arrow icon-default-style\"> <span class=\"ie-fix\"><\/span> <\/i><\/a><div class=\"video-texture \"> <span class=\"ie-fix\"><\/span> <\/div><\/div><!--\/swiper-slide--><div class=\"swiper-slide\" data-bg-alignment=\"center\" data-color-scheme=\"light\" data-x-pos=\"left\" data-y-pos=\"middle\"> \r\n\t\t\t\t\t\t\t\t<div class=\"image-bg\" style=\"background-image: url(https:\/\/stepankotouc.com\/wp-content\/uploads\/2015\/07\/209501_2112390208811_6791272_o1.jpg);\"> &nbsp; <\/div><a href=\"#\" class=\"slider-down-arrow\"><i class=\"icon-salient-down-arrow icon-default-style\"> <span class=\"ie-fix\"><\/span> <\/i><\/a><div class=\"video-texture \"> <span class=\"ie-fix\"><\/span> <\/div><\/div><!--\/swiper-slide--><div class=\"swiper-slide\" data-bg-alignment=\"center\" data-color-scheme=\"light\" data-x-pos=\"left\" data-y-pos=\"middle\"> \r\n\t\t\t\t\t\t\t\t<div class=\"image-bg\" style=\"background-image: url(https:\/\/stepankotouc.com\/wp-content\/uploads\/2015\/07\/2014-06-29-metamorfoza1060478.jpg);\"> &nbsp; <\/div><a href=\"#\" class=\"slider-down-arrow\"><i class=\"icon-salient-down-arrow icon-default-style\"> <span class=\"ie-fix\"><\/span> <\/i><\/a><div class=\"video-texture \"> <span class=\"ie-fix\"><\/span> <\/div><\/div><!--\/swiper-slide--><div class=\"swiper-slide\" data-bg-alignment=\"center\" data-color-scheme=\"light\" data-x-pos=\"left\" data-y-pos=\"middle\"> \r\n\t\t\t\t\t\t\t\t<div class=\"image-bg\" style=\"background-image: url(https:\/\/stepankotouc.com\/wp-content\/uploads\/2015\/07\/2014-06-29-metamorfoza1060480.jpg);\"> &nbsp; <\/div><a href=\"#\" class=\"slider-down-arrow\"><i class=\"icon-salient-down-arrow icon-default-style\"> <span class=\"ie-fix\"><\/span> <\/i><\/a><div class=\"video-texture \"> <span class=\"ie-fix\"><\/span> <\/div><\/div><!--\/swiper-slide--><div class=\"swiper-slide\" data-bg-alignment=\"center\" data-color-scheme=\"light\" data-x-pos=\"left\" data-y-pos=\"middle\"> \r\n\t\t\t\t\t\t\t\t<div class=\"container\">\r\n\t\t\t\t\t\t\t\t\t<div class=\"content\"><h2>filma\u0159 a fotograf<b>\u0160t\u011bp\u00e1n Kotou\u010d<\/h2><p  ><span>uk\u00e1\u017ee va\u0161\u00ed firmu cel\u00e9 Zemi (a mo\u017en\u00e1 i d\u00e1le) ! ;]<\/span><\/p><\/div>\r\n\t\t\t\t\t\t\t\t<\/div><!--\/container--><div class=\"video-texture \"> <span class=\"ie-fix\"><\/span> <\/div>\r\n\t\t\t\t\t\t\t\t\t\r\n\t\t\t\t\t\t\t\t\t<div class=\"mobile-video-image\" style=\"background-image: url()\"> <span class=\"ie-fix\"><\/span>  <\/div>\r\n\t\t\t\t\t\t\t\t\t<div class=\"video-wrap\">\r\n\t\t\t\t\t\t\t\t\t\t\r\n\t\t\t\t\t\t\t\t\t\t\r\n\t\t\t\t\t\t\t\t\t\t<video class=\"slider-video\" width=\"1800\" height=\"700\" preload=\"auto\" loop><source type=\"video\/mp4\" src=\"https:\/\/stepankotouc.com\/wp-content\/uploads\/2015\/07\/gondaria_starfield01.mp4\"><\/video>\r\n\t\t\t\t\t\t\t\t\t\t\r\n\t\t\t\t\t\t\t\t\t\t\r\n\t\t\t\t\t\t\t\t\t<\/div><\/div><!--\/swiper-slide--><\/div><a href=\"\" class=\"slider-prev\"><i class=\"icon-salient-left-arrow\"><\/i> <div class=\"slide-count\"> <span class=\"slide-current\">1<\/span> <i class=\"icon-salient-right-line\"><\/i> <span class=\"slide-total\"><\/span> <\/div> <\/a>\r\n\t\t\t\t     \t\t<a href=\"\" class=\"slider-next\"><i class=\"icon-salient-right-arrow\"><\/i> <div class=\"slide-count\"> <span class=\"slide-current\">1<\/span> <i class=\"icon-salient-right-line\"><\/i> <span class=\"slide-total\"><\/span> <\/div> <\/a><div class=\"slider-pagination\"><\/div><div class=\"nectar-slider-loading \"> <span class=\"loading-icon none\">   <\/span> <\/div> <\/div> \r\n\t\t\t\t\r\n\t\t\t<\/div>[\/vc_column][\/vc_row][vc_row type=&#8221;full_width_background&#8221; bg_color=&#8221;#0a0a0a&#8221; scene_position=&#8221;center&#8221; text_color=&#8221;dark&#8221; text_align=&#8221;left&#8221; overlay_strength=&#8221;0.3&#8243;][vc_column column_padding=&#8221;no-extra-padding&#8221; column_padding_position=&#8221;all&#8221; background_color_opacity=&#8221;1&#8243; background_hover_color_opacity=&#8221;1&#8243; width=&#8221;1\/1&#8243;]<div  class=\"divider\"><\/div>[\/vc_column][\/vc_row]\n\n\n[vc_row type=&#8221;full_width_background&#8221; bg_image=&#8221;6017&#8243; bg_position=&#8221;left top&#8221; bg_repeat=&#8221;no-repeat&#8221; bg_color=&#8221;#0a0a0a&#8221; scene_position=&#8221;center&#8221; text_color=&#8221;light&#8221; text_align=&#8221;left&#8221; id=&#8221;about&#8221; overlay_strength=&#8221;0.3&#8243;][vc_column enable_animation=&#8221;true&#8221; animation=&#8221;grow-in&#8221; column_padding=&#8221;padding-3-percent&#8221; column_padding_position=&#8221;top-bottom&#8221; background_color_opacity=&#8221;1&#8243; background_hover_color_opacity=&#8221;1&#8243; width=&#8221;1\/2&#8243; delay=&#8221;150&#8243;][vc_column_text]\n<h2 style=\"text-align: justify;\"><\/h2>\n<h2 style=\"text-align: justify;\">ABOUT ME:<\/h2>\n<p>I\u2019m from Czech Republic. I finished two movie Universities: FAMU (Film Faculty of the Musical Arts Academy), Movie Production departement and University of Josef \u0160kvoreck\u00fd in fields interactive media and creative writing.<\/p>\n<p>After few years working as freelance video production, production manager of movies\/series and actor in small roles in movies\/commercials I become head of camera department at Quix.cz company. I was working&nbsp;there for four years. Then I&nbsp;started Gondaria.com and now I&#8217;m continuing to enjoy the work with various companies to promote their bussiness via video.<\/p>\n<p><a href=\"https:\/\/docs.google.com\/document\/d\/1xDKnBpHftoDydd9i4o-svWGFLZFjBOS6Iwgur9JvnOM\/edit\">Full CV<\/a>[\/vc_column_text][\/vc_column][vc_column centered_text=&#8221;true&#8221; column_padding=&#8221;padding-4-percent&#8221; column_padding_position=&#8221;top&#8221; background_color_opacity=&#8221;1&#8243; background_hover_color_opacity=&#8221;1&#8243; width=&#8221;1\/2&#8243;]<div class=\"img-with-aniamtion-wrap center\"><img class=\"img-with-animation \" data-delay=\"150\" height=\"100%\" width=\"100%\" data-animation=\"grow-in\" src=\"https:\/\/stepankotouc.com\/wp-content\/uploads\/2015\/07\/seberak072k6_0004x.jpg\" alt=\"\" \/><\/div>[\/vc_column][\/vc_row]\n\n\n\n[vc_row type=&#8221;full_width_background&#8221; bg_color=&#8221;#0a0a0a&#8221; scene_position=&#8221;center&#8221; text_color=&#8221;dark&#8221; text_align=&#8221;left&#8221; overlay_strength=&#8221;0.3&#8243;][vc_column column_padding=&#8221;no-extra-padding&#8221; column_padding_position=&#8221;all&#8221; background_color_opacity=&#8221;1&#8243; background_hover_color_opacity=&#8221;1&#8243; width=&#8221;1\/1&#8243;]<div  class=\"divider\"><\/div>[\/vc_column][\/vc_row]\n\n\n[vc_row type=&#8221;full_width_background&#8221; bg_image=&#8221;6017&#8243; bg_position=&#8221;left top&#8221; bg_repeat=&#8221;no-repeat&#8221; bg_color=&#8221;#0a0a0a&#8221; scene_position=&#8221;center&#8221; text_color=&#8221;dark&#8221; text_align=&#8221;left&#8221; top_padding=&#8221;3{298dbaed9a5b73d5e2570a8735c417bb3afa16b53413162a33dc6265bd939f08}&#8221; bottom_padding=&#8221;3{298dbaed9a5b73d5e2570a8735c417bb3afa16b53413162a33dc6265bd939f08}&#8221; id=&#8221;contact&#8221; overlay_strength=&#8221;0.3&#8243;][vc_column column_padding=&#8221;no-extra-padding&#8221; column_padding_position=&#8221;all&#8221; background_color_opacity=&#8221;1&#8243; background_hover_color_opacity=&#8221;1&#8243; width=&#8221;1\/1&#8243;]<div class=\"nectar-fancy-ul\" data-list-icon=\"icon-salient-thin-line\" data-animation=\"true\" data-color=\"accent-color\"> <span style=\"color: #f7f2f2;\">CONTACT:<\/span><\/p>\n<p><span style=\"color: #f7f2f2;\">If you decide to cooperate, contact me at stepankotouc@gmail.com. We will then discuss your ideas and I will offer you the plan of shooting. After paying half of the price (with signed agreement form), we will start working on the script and the schedule. Then we should agree on the date of the shooting and film it during one day. After that, you will receive the video up to one month from the day of shooting and receiving source materials (photos, intro-slide).<\/span><\/p>\n<p>\u0160t\u011bp\u00e1n Kotou\u010d<br \/>\nLipensk\u00e1 943, Praha 4, 14900, Praha<br \/>\nI\u010c: 88876209<br \/>\nFyzick\u00e1 osoba zapsan\u00e1 v \u017divnostensk\u00e9m rejst\u0159\u00edku v Praze od 29.6.2012.<\/p>\n <\/div>[\/vc_column][\/vc_row]\n","protected":false},"excerpt":{"rendered":"<p>[vc_row type=&#8221;full_width_background&#8221; bg_color=&#8221;#0a0a0a&#8221; scene_position=&#8221;center&#8221; text_color=&#8221;light&#8221; text_align=&#8221;center&#8221; overlay_strength=&#8221;0.3&#8243;][vc_column column_padding=&#8221;no-extra-padding&#8221; column_padding_position=&#8221;all&#8221; background_color=&#8221;#0a0a0a&#8221; background_color_opacity=&#8221;1&#8243; background_hover_color_opacity=&#8221;1&#8243; width=&#8221;1\/1&#8243;][\/vc_column][\/vc_row][vc_row type=&#8221;full_width_background&#8221; bg_color=&#8221;#0a0a0a&#8221; scene_position=&#8221;center&#8221; video_bg=&#8221;use_video&#8221; video_webm=&#8221;https:\/\/www.youtube.com\/watch?v=N4mt0lOJ888&#8243; video_mp4=&#8221;https:\/\/www.youtube.com\/watch?v=N4mt0lOJ888&#8243; text_color=&#8221;dark&#8221; text_align=&#8221;left&#8221; overlay_strength=&#8221;0.3&#8243;][vc_column column_padding=&#8221;no-extra-padding&#8221; column_padding_position=&#8221;all&#8221; background_color_opacity=&#8221;1&#8243; background_hover_color_opacity=&#8221;1&#8243; width=&#8221;1\/1&#8243;][\/vc_column][\/vc_row] [vc_row type=&#8221;full_width_background&#8221; bg_color=&#8221;#0a0a0a&#8221;&#8230;<\/p>\n","protected":false},"author":2,"featured_media":0,"parent":0,"menu_order":0,"comment_status":"open","ping_status":"open","template":"","meta":[],"_links":{"self":[{"href":"https:\/\/stepankotouc.com\/index.php?rest_route=\/wp\/v2\/pages\/3166"}],"collection":[{"href":"https:\/\/stepankotouc.com\/index.php?rest_route=\/wp\/v2\/pages"}],"about":[{"href":"https:\/\/stepankotouc.com\/index.php?rest_route=\/wp\/v2\/types\/page"}],"author":[{"embeddable":true,"href":"https:\/\/stepankotouc.com\/index.php?rest_route=\/wp\/v2\/users\/2"}],"replies":[{"embeddable":true,"href":"https:\/\/stepankotouc.com\/index.php?rest_route=%2Fwp%2Fv2%2Fcomments&post=3166"}],"version-history":[{"count":75,"href":"https:\/\/stepankotouc.com\/index.php?rest_route=\/wp\/v2\/pages\/3166\/revisions"}],"predecessor-version":[{"id":6186,"href":"https:\/\/stepankotouc.com\/index.php?rest_route=\/wp\/v2\/pages\/3166\/revisions\/6186"}],"wp:attachment":[{"href":"https:\/\/stepankotouc.com\/index.php?rest_route=%2Fwp%2Fv2%2Fmedia&parent=3166"}],"curies":[{"name":"wp","href":"https:\/\/api.w.org\/{rel}","templated":true}]}}